{"id":1173,"date":"2025-04-11T20:02:44","date_gmt":"2025-04-11T20:02:44","guid":{"rendered":"https:\/\/construccionyreformasllanos.com\/?page_id=1173"},"modified":"2025-04-11T21:11:54","modified_gmt":"2025-04-11T21:11:54","slug":"aviso-legal","status":"publish","type":"page","link":"https:\/\/construccionyreformasllanos.com\/index.php\/aviso-legal\/","title":{"rendered":"Aviso Legal"},"content":{"rendered":"<div class=\"fusion-fullwidth fullwidth-box fusion-builder-row-1 fusion-flex-container nonhundred-percent-fullwidth non-hundred-percent-height-scrolling\" style=\"--awb-border-radius-top-left:0px;--awb-border-radius-top-right:0px;--awb-border-radius-bottom-right:0px;--awb-border-radius-bottom-left:0px;--awb-flex-wrap:wrap;\" ><div class=\"fusion-builder-row fusion-row fusion-flex-align-items-flex-start fusion-flex-content-wrap\" style=\"max-width:1216.8px;margin-left: calc(-4% \/ 2 );margin-right: calc(-4% \/ 2 );\"><div class=\"fusion-layout-column fusion_builder_column fusion-builder-column-0 fusion_builder_column_1_1 1_1 fusion-flex-column\" style=\"--awb-bg-size:cover;--awb-width-large:100%;--awb-margin-top-large:0px;--awb-spacing-right-large:1.92%;--awb-margin-bottom-large:0px;--awb-spacing-left-large:1.92%;--awb-width-medium:100%;--awb-spacing-right-medium:1.92%;--awb-spacing-left-medium:1.92%;--awb-width-small:100%;--awb-spacing-right-small:1.92%;--awb-spacing-left-small:1.92%;\"><div class=\"fusion-column-wrapper fusion-flex-justify-content-flex-start fusion-content-layout-column\"><div class=\"fusion-title title fusion-title-1 fusion-sep-none fusion-title-text fusion-title-size-one\" style=\"--awb-margin-top-small:0px;--awb-margin-right-small:0px;--awb-margin-bottom-small:20px;--awb-margin-left-small:0px;\"><h1 class=\"fusion-title-heading title-heading-left fusion-responsive-typography-calculated\" style=\"margin:0;text-transform:capitalize;--fontSize:60;line-height:var(--awb-typography1-line-height);\">AVISO LEGAL<\/h1><\/div><div class=\"fusion-text fusion-text-1\"><p>El sitio web https:\/\/construccionyreformasllanos.com\/ (en adelante, el \u201cSitio Web\u201d) es propiedad de JIMMY LANDER LLANOS ASENCIOS, con domicilio social en C\/ Embajadores, 116 \u2013 28045 Madrid (Espa\u00f1a) y C.I.F n\u00ba 50340839A, (en adelante, \u201cla empresa\u201d).<\/p>\n<p>La empresa le da la bienvenida y le invita a leer atentamente las Condiciones de Uso de este Sitio Web (en adelante, las \u201cCondiciones Generales de Uso\u201d) que describen los t\u00e9rminos y condiciones que ser\u00e1n aplicables a su navegaci\u00f3n por el mismo, de conformidad con lo establecido en la normativa espa\u00f1ola de aplicaci\u00f3n y en cumplimiento de la Ley 34\/2002, de 11 de julio, de servicios de la sociedad de la informaci\u00f3n y de comercio electr\u00f3nico, le informamos, que:<\/p>\n<p>Con el \u00e1nimo de que el uso del Sitio Web se ajuste a criterios de transparencia, limitaci\u00f3n de la finalidad, minimizaci\u00f3n de datos, exactitud, integridad y confidencialidad, as\u00ed como respetando el resto de obligaciones y garant\u00edas establecidas en la Ley 34\/2002, de 11 de julio, de Servicios de la Sociedad de la Informaci\u00f3n y de Comercio Electr\u00f3nico (LSSI), en relaci\u00f3n con el Reglamento General de Protecci\u00f3n de Datos (RGPD) y la Ley Org\u00e1nica 3\/2018 de Protecci\u00f3n de Datos y garant\u00eda de los derechos digitales (LOPDGDD).<\/p>\n<p>Podr\u00e1 consultar la Pol\u00edtica de Privacidad completa en https:\/\/construccionyreformasllanos.com\/politica-de-privacidad\/<\/p>\n<p>La empresa informa al Usuario que cualquier sugerencia, duda o consulta sobre las Condiciones Generales de Uso ser\u00e1 recibida y solucionada contactando con el centro a trav\u00e9s del Tel\/ +34 640 131 490 o en la direcci\u00f3n de correo electr\u00f3nico: comercial@construccionyreformasllanos.com<\/p>\n<p>El acceso a este Sitio Web o su utilizaci\u00f3n en cualquier forma le otorga la calificaci\u00f3n de \u201cUsuario\u201d e implica la aceptaci\u00f3n sin reservas de todas y cada una de las presentes Condiciones Generales de Uso.<\/p>\n<p>A trav\u00e9s del Sitio Web, el centro tiene por objeto facilitar al p\u00fablico, en general, el conocimiento de las actividades que esta empresa realiza y de los productos y servicios que presta, transmitiendo las solicitudes de usuarios \u201cFormulario de Contacto\u201d, \u201csolicitud de documentos\u201d o \u201cBuz\u00f3n de sugerencia\u201d que nos respaldan y ofrece a los Usuarios la posibilidad de hacer uso de los distintos Servicios que aparecen en nuestra p\u00e1gina web (en adelante, los \u201cServicios\u201d).<\/p>\n<p>Cuando para el acceso a determinados contenidos o servicios sea necesario facilitar datos de car\u00e1cter personal, los Usuarios garantizar\u00e1n su veracidad, exactitud, autenticidad y vigencia. La empresa dar\u00e1 a dichos datos el tratamiento automatizado que corresponda en funci\u00f3n de su naturaleza o finalidad, en los t\u00e9rminos indicados en la secci\u00f3n Pol\u00edtica de Privacidad o Nota Informativa Detallada, se puede solicitar en la administraci\u00f3n de la empresa. El tratamiento de los datos de car\u00e1cter personal que se realice a trav\u00e9s de este portal estar\u00e1 sujeto a lo establecido en la Ley de Protecci\u00f3n de Datos de Car\u00e1cter Personal y garant\u00edas de derechos digitales. Los datos que se recojan se trasladaran informativamente o se archivaran con el consentimiento del usuario, el cual puede ejercer sus derechos de acceso, rectificaci\u00f3n y cancelaci\u00f3n, a trav\u00e9s de los procedimientos oportunos, as\u00ed como tiene derecho a decidir qui\u00e9n puede tener sus datos, para que los usa, solicitar que los mismos sean exactos y que se utilicen para el fin por el que se recogen.<\/p>\n<p>El Usuario reconoce y acepta que los derechos de propiedad intelectual de este Sitio Web, su dise\u00f1o, sus gr\u00e1ficos y los c\u00f3digos que contiene son titularidad del centro. Por tanto, la reproducci\u00f3n, distribuci\u00f3n, comercializaci\u00f3n o trasformaci\u00f3n no autorizadas de esta obra, a no ser que sea para uso personal o privado, constituye una infracci\u00f3n de los derechos de propiedad intelectual. Igualmente, todas las marcas o signos distintivos de cualquier clase est\u00e1n protegidos por la Ley.<\/p>\n<p>La utilizaci\u00f3n no autorizada de la informaci\u00f3n contenida en este portal, as\u00ed como los perjuicios ocasionados en los derechos de la propiedad intelectual e industrial pueden dar lugar al ejercicio de las acciones que legalmente correspondan y, si procede, a las responsabilidades que dichos ejercicios se deriven. La empresa vigilar\u00e1 y procurar\u00e1 con todo su esfuerzo evitar errores y en su caso repararlos o actualizarlos lo antes posible, no pudiendo garantizar su inexistencia ni que el contenido de la informaci\u00f3n se encuentre permanentemente actualizado.<\/p>\n<p>La empresa no se hace responsable, en ning\u00fan caso, de los da\u00f1os y perjuicios de cualquier naturaleza que pudieran ocasionar, a t\u00edtulo enunciativo: errores u omisiones en los contenidos, falta de disponibilidad del portal o la transmisi\u00f3n de virus o programas maliciosos o lesivos en los contenidos, a pesar de haber adoptado todas las medidas tecnol\u00f3gicas necesarias para evitarlo.<\/p>\n<p>La empresa podr\u00e1 efectuar en cualquier momento y sin necesidad de previo aviso, modificaciones y actualizaciones sobre la informaci\u00f3n contenida en su portal o en su configuraci\u00f3n o presentaci\u00f3n.<\/p>\n<p>La informaci\u00f3n proporcionada a trav\u00e9s del portal tiene car\u00e1cter meramente orientativo.<\/p>\n<p>La empresa, no asume ninguna responsabilidad derivada de conexi\u00f3n o contenidos de los enlaces de terceros a los que se pueda hacer referencia en el portal.<\/p>\n<p>Nuestra web no utiliza cookies propias de almacenamiento local y de sesi\u00f3n, y de terceros, \u00fanicamente las propias Google y de https:\/\/construccionyreformasllanos.com\/ para gestionar el portal, recabar informaci\u00f3n sobre la utilizaci\u00f3n del mismo, mejorar nuestros servicios y mostrarte informaci\u00f3n relacionada con tus preferencias mediante el an\u00e1lisis de tu navegaci\u00f3n. Puede cambiar la configuraci\u00f3n, conocer c\u00f3mo deshabilitarlas o bloquearlas, u obtener m\u00e1s informaci\u00f3n en nuestra Pol\u00edtica de Cookies de https:\/\/construccionyreformasllanos.com\/politica-de-cookies\/<\/p>\n<p>La empresa se reserva el derecho a denegar o retirar el acceso a portal y\/o los servicios ofrecidos sin necesidad de preaviso, a instancia propia o de un tercero, a aquellos usuarios que incumplan las presentes Condiciones Generales de Uso.<\/p>\n<p>La empresa perseguir\u00e1 el incumplimiento de las presentes condiciones as\u00ed como cualquier utilizaci\u00f3n indebida de su portal ejerciendo todas las acciones civiles y penales que le puedan corresponder en derecho.<\/p>\n<p>Las presentes Condiciones Generales de Uso, as\u00ed como el uso del Sitio Web, se regir\u00e1n por la legislaci\u00f3n espa\u00f1ola. Cualquier controversia ser\u00e1 resuelta ante los Juzgados y Tribunales de la Comunidad de Madrid.<\/p>\n<p>En el supuesto de que cualquier estipulaci\u00f3n de las presentes Condiciones Generales de Uso resultara inexigible o nula en virtud de la legislaci\u00f3n aplicable o como consecuencia de una resoluci\u00f3n judicial o administrativa, dicha inexigibilidad o nulidad no har\u00e1 que las presentes Condiciones Generales de Uso resulten inexigibles o nulas en su conjunto. En dichos casos, el centro proceder\u00e1 a la modificaci\u00f3n o sustituci\u00f3n de dicha estipulaci\u00f3n por otra que sea v\u00e1lida y exigible y que, en la medida de lo posible, consiga el objetivo y pretensi\u00f3n reflejados en la estipulaci\u00f3n original.<\/p>\n<\/div><\/div><\/div><\/div><\/div>\n","protected":false},"excerpt":{"rendered":"","protected":false},"author":1,"featured_media":0,"parent":0,"menu_order":0,"comment_status":"closed","ping_status":"open","template":"","meta":{"footnotes":""},"class_list":["post-1173","page","type-page","status-publish","hentry"],"_links":{"self":[{"href":"https:\/\/construccionyreformasllanos.com\/index.php\/wp-json\/wp\/v2\/pages\/1173","targetHints":{"allow":["GET"]}}],"collection":[{"href":"https:\/\/construccionyreformasllanos.com\/index.php\/wp-json\/wp\/v2\/pages"}],"about":[{"href":"https:\/\/construccionyreformasllanos.com\/index.php\/wp-json\/wp\/v2\/types\/page"}],"author":[{"embeddable":true,"href":"https:\/\/construccionyreformasllanos.com\/index.php\/wp-json\/wp\/v2\/users\/1"}],"replies":[{"embeddable":true,"href":"https:\/\/construccionyreformasllanos.com\/index.php\/wp-json\/wp\/v2\/comments?post=1173"}],"version-history":[{"count":3,"href":"https:\/\/construccionyreformasllanos.com\/index.php\/wp-json\/wp\/v2\/pages\/1173\/revisions"}],"predecessor-version":[{"id":1187,"href":"https:\/\/construccionyreformasllanos.com\/index.php\/wp-json\/wp\/v2\/pages\/1173\/revisions\/1187"}],"wp:attachment":[{"href":"https:\/\/construccionyreformasllanos.com\/index.php\/wp-json\/wp\/v2\/media?parent=1173"}],"curies":[{"name":"wp","href":"https:\/\/api.w.org\/{rel}","templated":true}]}}